{"id":895,"date":"2026-04-21T16:57:43","date_gmt":"2026-04-21T16:57:43","guid":{"rendered":"https:\/\/ritcas.mx\/?page_id=895"},"modified":"2026-04-21T17:09:02","modified_gmt":"2026-04-21T17:09:02","slug":"las-politicas-educativas-y-su-desarrollo-sociocultural-en-corea-del-sur-y-mexico-un-analisis-comparativo-articulo-1-no-14-volumen-2-ano-5-2025-3","status":"publish","type":"page","link":"https:\/\/ritcas.mx\/?page_id=895","title":{"rendered":"Las Pol\u00edticas Educativas y su desarrollo sociocultural en Corea del Sur y M\u00e9xico: un An\u00e1lisis Comparativo"},"content":{"rendered":"\n<p>Educaci\u00f3n (EDUC)<\/p>\n\n\n\n<div class=\"wp-block-pdf-viewer-block-standard\" style=\"text-align:left\"><div class=\"uploaded-pdf\"><a href=\"http:\/\/ritcas.mx\/wp-content\/uploads\/2026\/04\/2025-3-RITCAS-Art.1-No.14-Vol.2-Ano.5.pdf\" data-width=\"\" data-height=\"\"><\/a><\/div><\/div>\n\n\n\n<p><\/p>\n","protected":false},"excerpt":{"rendered":"<p>Educaci\u00f3n (EDUC)<\/p>\n","protected":false},"author":1,"featured_media":0,"parent":0,"menu_order":0,"comment_status":"closed","ping_status":"closed","template":"","meta":{"footnotes":""},"class_list":["post-895","page","type-page","status-publish","hentry"],"_links":{"self":[{"href":"https:\/\/ritcas.mx\/index.php?rest_route=\/wp\/v2\/pages\/895","targetHints":{"allow":["GET"]}}],"collection":[{"href":"https:\/\/ritcas.mx\/index.php?rest_route=\/wp\/v2\/pages"}],"about":[{"href":"https:\/\/ritcas.mx\/index.php?rest_route=\/wp\/v2\/types\/page"}],"author":[{"embeddable":true,"href":"https:\/\/ritcas.mx\/index.php?rest_route=\/wp\/v2\/users\/1"}],"replies":[{"embeddable":true,"href":"https:\/\/ritcas.mx\/index.php?rest_route=%2Fwp%2Fv2%2Fcomments&post=895"}],"version-history":[{"count":2,"href":"https:\/\/ritcas.mx\/index.php?rest_route=\/wp\/v2\/pages\/895\/revisions"}],"predecessor-version":[{"id":899,"href":"https:\/\/ritcas.mx\/index.php?rest_route=\/wp\/v2\/pages\/895\/revisions\/899"}],"wp:attachment":[{"href":"https:\/\/ritcas.mx\/index.php?rest_route=%2Fwp%2Fv2%2Fmedia&parent=895"}],"curies":[{"name":"wp","href":"https:\/\/api.w.org\/{rel}","templated":true}]}}