{"id":873,"date":"2026-03-19T18:41:15","date_gmt":"2026-03-19T18:41:15","guid":{"rendered":"https:\/\/ritcas.mx\/?page_id=873"},"modified":"2026-03-19T18:44:41","modified_gmt":"2026-03-19T18:44:41","slug":"estudio-analitico-de-desempeno-entre-redes-neuronales-tipo-perceptron-y-convolucionales-para-el-reconocimiento-de-imagenes","status":"publish","type":"page","link":"https:\/\/ritcas.mx\/?page_id=873","title":{"rendered":"Estudio Anal\u00edtico de desempe\u00f1o entre Redes Neuronales tipo Perceptr\u00f3n y Convolucionales para el reconocimiento de im\u00e1genes"},"content":{"rendered":"\n<p>Ciencias de la Tecnolog\u00edas de la informaci\u00f3n y Computaci\u00f3n (CTIC)<\/p>\n\n\n\n<div class=\"wp-block-pdf-viewer-block-standard\" style=\"text-align:left\"><div class=\"uploaded-pdf\"><a href=\"http:\/\/ritcas.mx\/wp-content\/uploads\/2026\/03\/2025-2-RITCAS-Art.3-No.13-Vol.1-Ano.5.pdf\" data-width=\"\" data-height=\"\"><\/a><\/div><\/div>\n","protected":false},"excerpt":{"rendered":"<p>Ciencias de la Tecnolog\u00edas de la informaci\u00f3n y Computaci\u00f3n (CTIC)<\/p>\n","protected":false},"author":1,"featured_media":0,"parent":0,"menu_order":0,"comment_status":"closed","ping_status":"closed","template":"","meta":{"footnotes":""},"class_list":["post-873","page","type-page","status-publish","hentry"],"_links":{"self":[{"href":"https:\/\/ritcas.mx\/index.php?rest_route=\/wp\/v2\/pages\/873","targetHints":{"allow":["GET"]}}],"collection":[{"href":"https:\/\/ritcas.mx\/index.php?rest_route=\/wp\/v2\/pages"}],"about":[{"href":"https:\/\/ritcas.mx\/index.php?rest_route=\/wp\/v2\/types\/page"}],"author":[{"embeddable":true,"href":"https:\/\/ritcas.mx\/index.php?rest_route=\/wp\/v2\/users\/1"}],"replies":[{"embeddable":true,"href":"https:\/\/ritcas.mx\/index.php?rest_route=%2Fwp%2Fv2%2Fcomments&post=873"}],"version-history":[{"count":1,"href":"https:\/\/ritcas.mx\/index.php?rest_route=\/wp\/v2\/pages\/873\/revisions"}],"predecessor-version":[{"id":874,"href":"https:\/\/ritcas.mx\/index.php?rest_route=\/wp\/v2\/pages\/873\/revisions\/874"}],"wp:attachment":[{"href":"https:\/\/ritcas.mx\/index.php?rest_route=%2Fwp%2Fv2%2Fmedia&parent=873"}],"curies":[{"name":"wp","href":"https:\/\/api.w.org\/{rel}","templated":true}]}}