{"id":862,"date":"2026-03-19T18:25:29","date_gmt":"2026-03-19T18:25:29","guid":{"rendered":"https:\/\/ritcas.mx\/?page_id=862"},"modified":"2026-03-19T18:25:30","modified_gmt":"2026-03-19T18:25:30","slug":"sistema-de-reconocimiento-de-imagenes-usando-servicios-de-amazon-web-services","status":"publish","type":"page","link":"https:\/\/ritcas.mx\/?page_id=862","title":{"rendered":"Sistema de Reconocimiento de Im\u00e1genes usando Servicios de Amazon Web Services\u00a0"},"content":{"rendered":"\n<p>Ciencias de la Tecnolog\u00edas de la informaci\u00f3n y Computaci\u00f3n (CTIC)<\/p>\n\n\n\n<div class=\"wp-block-pdf-viewer-block-standard\" style=\"text-align:left\"><div class=\"uploaded-pdf\"><a href=\"http:\/\/ritcas.mx\/wp-content\/uploads\/2026\/03\/2025-2-RITCAS-Art.2-No.13-Vol.1-Ano.5-1.pdf\" data-width=\"\" data-height=\"\"><\/a><\/div><\/div>\n","protected":false},"excerpt":{"rendered":"<p>Ciencias de la Tecnolog\u00edas de la informaci\u00f3n y Computaci\u00f3n (CTIC)<\/p>\n","protected":false},"author":1,"featured_media":0,"parent":0,"menu_order":0,"comment_status":"closed","ping_status":"closed","template":"","meta":{"footnotes":""},"class_list":["post-862","page","type-page","status-publish","hentry"],"_links":{"self":[{"href":"https:\/\/ritcas.mx\/index.php?rest_route=\/wp\/v2\/pages\/862","targetHints":{"allow":["GET"]}}],"collection":[{"href":"https:\/\/ritcas.mx\/index.php?rest_route=\/wp\/v2\/pages"}],"about":[{"href":"https:\/\/ritcas.mx\/index.php?rest_route=\/wp\/v2\/types\/page"}],"author":[{"embeddable":true,"href":"https:\/\/ritcas.mx\/index.php?rest_route=\/wp\/v2\/users\/1"}],"replies":[{"embeddable":true,"href":"https:\/\/ritcas.mx\/index.php?rest_route=%2Fwp%2Fv2%2Fcomments&post=862"}],"version-history":[{"count":1,"href":"https:\/\/ritcas.mx\/index.php?rest_route=\/wp\/v2\/pages\/862\/revisions"}],"predecessor-version":[{"id":863,"href":"https:\/\/ritcas.mx\/index.php?rest_route=\/wp\/v2\/pages\/862\/revisions\/863"}],"wp:attachment":[{"href":"https:\/\/ritcas.mx\/index.php?rest_route=%2Fwp%2Fv2%2Fmedia&parent=862"}],"curies":[{"name":"wp","href":"https:\/\/api.w.org\/{rel}","templated":true}]}}