{"id":795,"date":"2025-10-02T17:41:28","date_gmt":"2025-10-02T17:41:28","guid":{"rendered":"https:\/\/ritcas.mx\/?page_id=795"},"modified":"2025-10-02T17:41:29","modified_gmt":"2025-10-02T17:41:29","slug":"consejo-editorial-2","status":"publish","type":"page","link":"https:\/\/ritcas.mx\/?page_id=795","title":{"rendered":"Consejo Editorial"},"content":{"rendered":"\n<p><strong>Dr. Santos Jes\u00fas Castillo<\/strong> \u2014 Universidad de Sonora (UNISON)<\/p>\n\n\n\n<p><strong>Dra. Milka del Carmen Acosta Enr\u00edquez <\/strong>\u2014 Universidad de Sonora (UNISON)<\/p>\n\n\n\n<p><strong>Dra. Reyna Elizabeth Rodr\u00edguez P\u00e9rez<\/strong> \u2014 Universidad Aut\u00f3noma de Coahuila<\/p>\n\n\n\n<p><strong>Dr. Eusebio Jim\u00e9nez L\u00f3pez<\/strong> \u2014 Instituto Tecnol\u00f3gico Superior de Cajeme (ITESCA)<\/p>\n\n\n\n<p><strong>Dr. Hugo Alejandro Borb\u00f3n N\u00fa\u00f1ez <\/strong>\u2014 Universidad Aut\u00f3noma de Baja California (UABC), Facultad de Ingenier\u00eda, Arquitectura y Dise\u00f1o, campus Ensenada<\/p>\n\n\n\n<p><strong>Dr. Daniel Fernando Espejel Blanco<\/strong> \u2014 Tecnol\u00f3gico Nacional de M\u00e9xico, Instituto Tecnol\u00f3gico de Hermosillo (ITH)<\/p>\n\n\n\n<p><strong>MSC Norma Ang\u00e9lica \u00c1lvarez Torres<\/strong> \u2014 Universidad Tecnol\u00f3gica de Nogales (UTN)<\/p>\n\n\n\n<p><strong>M.C. Mario Alberto Dom\u00ednguez Rovira<\/strong> \u2014 Instituto Tecnol\u00f3gico de Sonora (ITSON)<\/p>\n\n\n\n<p><strong>M.A. Carlos Minisak Urue\u00f1a Barrag\u00e1n<\/strong> \u2014 Universidad Tecnol\u00f3gica de la Costa Grande de Guerrero<\/p>\n\n\n\n<p><strong>Mtra. Miriam Araceli L\u00f3pez N\u00fa\u00f1ez<\/strong> \u2014 Universidad Tecnol\u00f3gica de la Costa Grande de Guerrero<\/p>\n\n\n\n<p><strong>Mtro. Omar Lozano Tapia<\/strong> \u2014 Universidad Tecnol\u00f3gica de la Costa Grande de Guerrero<\/p>\n\n\n\n<p><strong>Dra. Alejandra Garc\u00eda Garc\u00eda<\/strong> \u2014 Centro de Investigaci\u00f3n en Materiales Avanzados SC., Apodaca Nuevo Le\u00f3n (CIMAV)<\/p>\n\n\n\n<p><strong>Dra. Manuela Alejandra Zalapa Garibay<\/strong> \u2014 Universidad Aut\u00f3noma de Ciudad Ju\u00e1rez<\/p>\n\n\n\n<p><strong>Dra. Maira Berenice Moreno Trejo <\/strong>\u2014 Universidad Tecnol\u00f3gica de Guaymas (UTG)<\/p>\n\n\n\n<p><strong>Dr. Samuel Gonz\u00e1lez L\u00f3pez<\/strong> \u2014 Tecnol\u00f3gico Nacional de M\u00e9xico, Instituto Tecnol\u00f3gico de Nogales (ITN)<\/p>\n\n\n\n<p><strong>Dr. Francisco L\u00f3pez V\u00e1zquez<\/strong> \u2014 Universidad Tecnol\u00f3gica del Norte de Tamaulipas<\/p>\n\n\n\n<p><strong>Dr. Jaime Josu\u00e9 Morales Morales<\/strong> \u2014 Universidad Aut\u00f3noma de Sinaloa (UAS)<\/p>\n\n\n\n<p><strong>Dra. Aned de Le\u00f3n Flores<\/strong> \u2014 Universidad de Sonora (UNISON)<\/p>\n\n\n\n<p><strong>Dr. Jos\u00e9 Manuel Cortez Valadez <\/strong>\u2014 Universidad de Sonora (UNISON)<\/p>\n\n\n\n<p><strong>Dr. Ricardo Rodr\u00edguez Mart\u00ednez<\/strong> \u2014 Universidad de Sonora (UNISON)<\/p>\n\n\n\n<p><strong>Dra. Dora Edith Valencia Rivera <\/strong>\u2014 Universidad de Sonora (UNISON)<\/p>\n\n\n\n<p><strong>Dr. Hugo Enrique Ram\u00edrez Guerra<\/strong> \u2014 Universidad Estatal de Sonora (UES)<\/p>\n","protected":false},"excerpt":{"rendered":"<p>Dr. Santos Jes\u00fas Castillo \u2014 Universidad de Sonora (UNISON) Dra. Milka del Carmen Acosta Enr\u00edquez \u2014 Universidad de Sonora (UNISON) Dra. Reyna Elizabeth Rodr\u00edguez P\u00e9rez \u2014 Universidad Aut\u00f3noma de Coahuila Dr. Eusebio Jim\u00e9nez L\u00f3pez \u2014 Instituto Tecnol\u00f3gico Superior de Cajeme (ITESCA) Dr. Hugo Alejandro Borb\u00f3n N\u00fa\u00f1ez \u2014 Universidad Aut\u00f3noma de Baja California (UABC), Facultad de [&hellip;]<\/p>\n","protected":false},"author":1,"featured_media":0,"parent":0,"menu_order":0,"comment_status":"closed","ping_status":"closed","template":"elementor_header_footer","meta":{"footnotes":""},"class_list":["post-795","page","type-page","status-publish","hentry"],"_links":{"self":[{"href":"https:\/\/ritcas.mx\/index.php?rest_route=\/wp\/v2\/pages\/795","targetHints":{"allow":["GET"]}}],"collection":[{"href":"https:\/\/ritcas.mx\/index.php?rest_route=\/wp\/v2\/pages"}],"about":[{"href":"https:\/\/ritcas.mx\/index.php?rest_route=\/wp\/v2\/types\/page"}],"author":[{"embeddable":true,"href":"https:\/\/ritcas.mx\/index.php?rest_route=\/wp\/v2\/users\/1"}],"replies":[{"embeddable":true,"href":"https:\/\/ritcas.mx\/index.php?rest_route=%2Fwp%2Fv2%2Fcomments&post=795"}],"version-history":[{"count":1,"href":"https:\/\/ritcas.mx\/index.php?rest_route=\/wp\/v2\/pages\/795\/revisions"}],"predecessor-version":[{"id":796,"href":"https:\/\/ritcas.mx\/index.php?rest_route=\/wp\/v2\/pages\/795\/revisions\/796"}],"wp:attachment":[{"href":"https:\/\/ritcas.mx\/index.php?rest_route=%2Fwp%2Fv2%2Fmedia&parent=795"}],"curies":[{"name":"wp","href":"https:\/\/api.w.org\/{rel}","templated":true}]}}