{"id":780,"date":"2025-10-02T17:28:47","date_gmt":"2025-10-02T17:28:47","guid":{"rendered":"https:\/\/ritcas.mx\/?page_id=780"},"modified":"2025-10-02T17:37:09","modified_gmt":"2025-10-02T17:37:09","slug":"consejo-editorial","status":"publish","type":"page","link":"https:\/\/ritcas.mx\/?page_id=780","title":{"rendered":"Comit\u00e9 Editorial"},"content":{"rendered":"\n<p><strong>Dr. Jorge Oswaldo Rivera Nieblas<\/strong> \u2014 Tecnol\u00f3gico Nacional de M\u00e9xico, Instituto Tecnol\u00f3gico de Hermosillo (ITH)<\/p>\n\n\n\n<p><strong>Dra. Blanca Guadalupe Cruz Silva<\/strong> \u2014 Universidad Tecnol\u00f3gica de Hermosillo (UTH)<\/p>\n\n\n\n<p><strong>Dra. Guadalupe Adriana B\u00e1saca Loya<\/strong> \u2014 Universidad Tecnol\u00f3gica de Hermosillo (UTH)<\/p>\n\n\n\n<p><strong>Mtro. Eduardo Ch\u00e1vez Mendiola<\/strong> \u2014 Tecnol\u00f3gico Nacional de M\u00e9xico, Instituto Tecnol\u00f3gico de Hermosillo (ITH)<\/p>\n\n\n\n<p><strong>Mtro. Al\u00e1n Beltr\u00e1n Garc\u00eda<\/strong> \u2014 Universidad Tecnol\u00f3gica de Hermosillo (UTH)<\/p>\n\n\n\n<p><strong>Dr. Iv\u00e1n Alejando Vac\u00edo Hern\u00e1ndez<\/strong> \u2014 Universidad Tecnol\u00f3gica de Hermosillo (UTH)<\/p>\n","protected":false},"excerpt":{"rendered":"<p>Dr. Jorge Oswaldo Rivera Nieblas \u2014 Tecnol\u00f3gico Nacional de M\u00e9xico, Instituto Tecnol\u00f3gico de Hermosillo (ITH) Dra. Blanca Guadalupe Cruz Silva \u2014 Universidad Tecnol\u00f3gica de Hermosillo (UTH) Dra. Guadalupe Adriana B\u00e1saca Loya \u2014 Universidad Tecnol\u00f3gica de Hermosillo (UTH) Mtro. Eduardo Ch\u00e1vez Mendiola \u2014 Tecnol\u00f3gico Nacional de M\u00e9xico, Instituto Tecnol\u00f3gico de Hermosillo (ITH) Mtro. Al\u00e1n Beltr\u00e1n Garc\u00eda [&hellip;]<\/p>\n","protected":false},"author":1,"featured_media":0,"parent":0,"menu_order":0,"comment_status":"closed","ping_status":"closed","template":"elementor_header_footer","meta":{"footnotes":""},"class_list":["post-780","page","type-page","status-publish","hentry"],"_links":{"self":[{"href":"https:\/\/ritcas.mx\/index.php?rest_route=\/wp\/v2\/pages\/780","targetHints":{"allow":["GET"]}}],"collection":[{"href":"https:\/\/ritcas.mx\/index.php?rest_route=\/wp\/v2\/pages"}],"about":[{"href":"https:\/\/ritcas.mx\/index.php?rest_route=\/wp\/v2\/types\/page"}],"author":[{"embeddable":true,"href":"https:\/\/ritcas.mx\/index.php?rest_route=\/wp\/v2\/users\/1"}],"replies":[{"embeddable":true,"href":"https:\/\/ritcas.mx\/index.php?rest_route=%2Fwp%2Fv2%2Fcomments&post=780"}],"version-history":[{"count":4,"href":"https:\/\/ritcas.mx\/index.php?rest_route=\/wp\/v2\/pages\/780\/revisions"}],"predecessor-version":[{"id":794,"href":"https:\/\/ritcas.mx\/index.php?rest_route=\/wp\/v2\/pages\/780\/revisions\/794"}],"wp:attachment":[{"href":"https:\/\/ritcas.mx\/index.php?rest_route=%2Fwp%2Fv2%2Fmedia&parent=780"}],"curies":[{"name":"wp","href":"https:\/\/api.w.org\/{rel}","templated":true}]}}