{"id":757,"date":"2025-06-20T21:59:13","date_gmt":"2025-06-20T21:59:13","guid":{"rendered":"https:\/\/ritcas.mx\/?page_id=757"},"modified":"2025-06-20T21:59:13","modified_gmt":"2025-06-20T21:59:13","slug":"implementacion-de-planeacion-estrategica-en-empresa-acuicola","status":"publish","type":"page","link":"https:\/\/ritcas.mx\/?page_id=757","title":{"rendered":"Implementaci\u00f3n de Planeaci\u00f3n Estrat\u00e9gica en Empresa Acu\u00edcola"},"content":{"rendered":"\n<p><strong>Ciencias Administrativas y Humanidades (CAYH)<\/strong><\/p>\n\n\n\n<div class=\"wp-block-pdf-viewer-block-standard\" style=\"text-align:left\"><div class=\"uploaded-pdf\"><a href=\"http:\/\/ritcas.mx\/wp-content\/uploads\/2025\/06\/2024-3-RITCAS-Art.5-No.11-Vol.2-Ano.4-1.pdf\" data-width=\"\" data-height=\"\"><\/a><\/div><\/div>\n","protected":false},"excerpt":{"rendered":"<p>Ciencias Administrativas y Humanidades (CAYH)<\/p>\n","protected":false},"author":1,"featured_media":0,"parent":107,"menu_order":0,"comment_status":"closed","ping_status":"closed","template":"","meta":{"footnotes":""},"class_list":["post-757","page","type-page","status-publish","hentry"],"_links":{"self":[{"href":"https:\/\/ritcas.mx\/index.php?rest_route=\/wp\/v2\/pages\/757","targetHints":{"allow":["GET"]}}],"collection":[{"href":"https:\/\/ritcas.mx\/index.php?rest_route=\/wp\/v2\/pages"}],"about":[{"href":"https:\/\/ritcas.mx\/index.php?rest_route=\/wp\/v2\/types\/page"}],"author":[{"embeddable":true,"href":"https:\/\/ritcas.mx\/index.php?rest_route=\/wp\/v2\/users\/1"}],"replies":[{"embeddable":true,"href":"https:\/\/ritcas.mx\/index.php?rest_route=%2Fwp%2Fv2%2Fcomments&post=757"}],"version-history":[{"count":1,"href":"https:\/\/ritcas.mx\/index.php?rest_route=\/wp\/v2\/pages\/757\/revisions"}],"predecessor-version":[{"id":758,"href":"https:\/\/ritcas.mx\/index.php?rest_route=\/wp\/v2\/pages\/757\/revisions\/758"}],"up":[{"embeddable":true,"href":"https:\/\/ritcas.mx\/index.php?rest_route=\/wp\/v2\/pages\/107"}],"wp:attachment":[{"href":"https:\/\/ritcas.mx\/index.php?rest_route=%2Fwp%2Fv2%2Fmedia&parent=757"}],"curies":[{"name":"wp","href":"https:\/\/api.w.org\/{rel}","templated":true}]}}