{"id":730,"date":"2025-06-10T19:04:28","date_gmt":"2025-06-10T19:04:28","guid":{"rendered":"https:\/\/ritcas.mx\/?page_id=730"},"modified":"2025-06-10T19:04:28","modified_gmt":"2025-06-10T19:04:28","slug":"elaboracion-de-una-maquina-extrusora-de-plasticos-pet","status":"publish","type":"page","link":"https:\/\/ritcas.mx\/?page_id=730","title":{"rendered":"Elaboraci\u00f3n de una M\u00e1quina Extrusora de Pl\u00e1sticos PET"},"content":{"rendered":"\n<p><strong>Ciencias de la ingenier\u00eda en Sistemas Productivos (CISP)<\/strong><\/p>\n\n\n\n<div class=\"wp-block-pdf-viewer-block-standard\" style=\"text-align:left\"><div class=\"uploaded-pdf\"><a href=\"http:\/\/ritcas.mx\/wp-content\/uploads\/2025\/06\/2024-3-RITCAS-Art.3-No.11-Vol.2-Ano.4.pdf\" data-width=\"\" data-height=\"\"><\/a><\/div><\/div>\n","protected":false},"excerpt":{"rendered":"<p>Ciencias de la ingenier\u00eda en Sistemas Productivos (CISP)<\/p>\n","protected":false},"author":1,"featured_media":0,"parent":107,"menu_order":0,"comment_status":"closed","ping_status":"closed","template":"","meta":{"footnotes":""},"class_list":["post-730","page","type-page","status-publish","hentry"],"_links":{"self":[{"href":"https:\/\/ritcas.mx\/index.php?rest_route=\/wp\/v2\/pages\/730","targetHints":{"allow":["GET"]}}],"collection":[{"href":"https:\/\/ritcas.mx\/index.php?rest_route=\/wp\/v2\/pages"}],"about":[{"href":"https:\/\/ritcas.mx\/index.php?rest_route=\/wp\/v2\/types\/page"}],"author":[{"embeddable":true,"href":"https:\/\/ritcas.mx\/index.php?rest_route=\/wp\/v2\/users\/1"}],"replies":[{"embeddable":true,"href":"https:\/\/ritcas.mx\/index.php?rest_route=%2Fwp%2Fv2%2Fcomments&post=730"}],"version-history":[{"count":2,"href":"https:\/\/ritcas.mx\/index.php?rest_route=\/wp\/v2\/pages\/730\/revisions"}],"predecessor-version":[{"id":732,"href":"https:\/\/ritcas.mx\/index.php?rest_route=\/wp\/v2\/pages\/730\/revisions\/732"}],"up":[{"embeddable":true,"href":"https:\/\/ritcas.mx\/index.php?rest_route=\/wp\/v2\/pages\/107"}],"wp:attachment":[{"href":"https:\/\/ritcas.mx\/index.php?rest_route=%2Fwp%2Fv2%2Fmedia&parent=730"}],"curies":[{"name":"wp","href":"https:\/\/api.w.org\/{rel}","templated":true}]}}