{"id":675,"date":"2025-03-24T16:44:06","date_gmt":"2025-03-24T16:44:06","guid":{"rendered":"https:\/\/ritcas.mx\/?page_id=675"},"modified":"2025-03-24T16:44:06","modified_gmt":"2025-03-24T16:44:06","slug":"caracterizacion-electrica-en-peliculas-delgadas-de-cds-y-pbs-para-obtencion-de-resistencia-y-resistividad-usando-casos-de-estudio","status":"publish","type":"page","link":"https:\/\/ritcas.mx\/?page_id=675","title":{"rendered":"Caracterizaci\u00f3n El\u00e9ctrica en Pel\u00edculas Delgadas de CdS y PbS para Obtenci\u00f3n de Resistencia y Resistividad usando casos de estudio"},"content":{"rendered":"\n<p><strong>Ciencias de la Ingenier\u00eda Mecatr\u00f3nica (CIMT)<\/strong><\/p>\n\n\n\n<div class=\"wp-block-pdf-viewer-block-standard\" style=\"text-align:left\"><div class=\"uploaded-pdf\"><a href=\"http:\/\/ritcas.mx\/wp-content\/uploads\/2025\/03\/2024-2-RITCAS-Art.5-No.10-Vol.1-Ano.4.pdf\" data-width=\"\" data-height=\"\"><\/a><\/div><\/div>\n","protected":false},"excerpt":{"rendered":"<p>Ciencias de la Ingenier\u00eda Mecatr\u00f3nica (CIMT)<\/p>\n","protected":false},"author":1,"featured_media":0,"parent":107,"menu_order":0,"comment_status":"closed","ping_status":"closed","template":"","meta":{"footnotes":""},"class_list":["post-675","page","type-page","status-publish","hentry"],"_links":{"self":[{"href":"https:\/\/ritcas.mx\/index.php?rest_route=\/wp\/v2\/pages\/675","targetHints":{"allow":["GET"]}}],"collection":[{"href":"https:\/\/ritcas.mx\/index.php?rest_route=\/wp\/v2\/pages"}],"about":[{"href":"https:\/\/ritcas.mx\/index.php?rest_route=\/wp\/v2\/types\/page"}],"author":[{"embeddable":true,"href":"https:\/\/ritcas.mx\/index.php?rest_route=\/wp\/v2\/users\/1"}],"replies":[{"embeddable":true,"href":"https:\/\/ritcas.mx\/index.php?rest_route=%2Fwp%2Fv2%2Fcomments&post=675"}],"version-history":[{"count":1,"href":"https:\/\/ritcas.mx\/index.php?rest_route=\/wp\/v2\/pages\/675\/revisions"}],"predecessor-version":[{"id":677,"href":"https:\/\/ritcas.mx\/index.php?rest_route=\/wp\/v2\/pages\/675\/revisions\/677"}],"up":[{"embeddable":true,"href":"https:\/\/ritcas.mx\/index.php?rest_route=\/wp\/v2\/pages\/107"}],"wp:attachment":[{"href":"https:\/\/ritcas.mx\/index.php?rest_route=%2Fwp%2Fv2%2Fmedia&parent=675"}],"curies":[{"name":"wp","href":"https:\/\/api.w.org\/{rel}","templated":true}]}}