{"id":561,"date":"2025-02-20T17:11:43","date_gmt":"2025-02-20T17:11:43","guid":{"rendered":"https:\/\/ritcas.mx\/?page_id=561"},"modified":"2025-02-20T17:20:53","modified_gmt":"2025-02-20T17:20:53","slug":"elementor-561","status":"publish","type":"page","link":"https:\/\/ritcas.mx\/?page_id=561","title":{"rendered":"Bienvenida"},"content":{"rendered":"<h2>Mensaje de bienvenida del rector Dr. Abel Leyva Castellanos<\/h2>\n<p>La Revista&nbsp;<i>RITCAS<\/i>&nbsp;es una propuesta de publicaci\u00f3n abierta a una diversidad tem\u00e1tica pertinente. Las grandes interrogantes de dichas tem\u00e1ticas buscan suscribirse en relevantes evoluciones hipot\u00e9ticas, las cuales a su vez son planteadas por los investigadores que postulan sus argumentos cient\u00edficos en medio de una compleja divulgaci\u00f3n fragmentaria de datos informativos en las redes sociales. Es en este punto donde la publicaci\u00f3n interviene para recuperar el pensamiento, el dato y los reportes a trav\u00e9s de una emisi\u00f3n profusa, inusitada y original.&nbsp;<\/p>\n<p>Hemos cambiado el modo en que preguntamos sobre el mundo que nos rodea, y las dudas a responder desde la Revista&nbsp;<i>RITCAS<\/i>&nbsp;son a la vez el criterio de selecci\u00f3n de los art\u00edculos a publicar y la fuente de su pertinencia en los marcos multidimensionales. Es por este motivo que nuestros evaluadores de contenido dise\u00f1an nuevos par\u00e1metros en la calidad cient\u00edfica, desarrollando as\u00ed una compilaci\u00f3n que ofrece visibilidad, velocidad y pertinencia cada cuatrimestre, con t\u00f3picos que buscan dar respuestas a las grandes y nuevas preguntas en el mundo de la ciencia, la tecnolog\u00eda y las humanidades.&nbsp;<\/p>\n<p>Por lo tanto, podemos encontrar en la Revista&nbsp;<i>RITCAS<\/i>&nbsp;discusiones contempor\u00e1neas tanto de cadenas biogen\u00e9ticas y suministros de semiconductores, como de la relaci\u00f3n din\u00e1mica entre las industrias y el cambio clim\u00e1tico, sin olvidar la problem\u00e1tica de las crisis permanentes de la educaci\u00f3n tecnol\u00f3gica que caduca a la misma velocidad que surgen las innovaciones. Esta publicaci\u00f3n da cuenta de una ciudadan\u00eda digital indefensa ante los fraudes cibern\u00e9ticos, fluyendo sobre los nuevos desaf\u00edos de lo humano frente a la tecnolog\u00eda y procurando entender el desarrollo del pensamiento en la tercera d\u00e9cada del siglo XXI.<\/p>\n<p>Dr. Abel Leyva Castellanos<\/p>\n<p>Rector de la Universidad Tecnol\u00f3gica de Hermosillo<\/p>\n","protected":false},"excerpt":{"rendered":"<p>Mensaje de bienvenida del rector Dr. Abel Leyva Castellanos La Revista&nbsp;RITCAS&nbsp;es una propuesta de publicaci\u00f3n abierta a una diversidad tem\u00e1tica pertinente. Las grandes interrogantes de dichas tem\u00e1ticas buscan suscribirse en relevantes evoluciones hipot\u00e9ticas, las cuales a su vez son planteadas por los investigadores que postulan sus argumentos cient\u00edficos en medio de una compleja divulgaci\u00f3n fragmentaria [&hellip;]<\/p>\n","protected":false},"author":1,"featured_media":0,"parent":0,"menu_order":0,"comment_status":"closed","ping_status":"closed","template":"","meta":{"footnotes":""},"class_list":["post-561","page","type-page","status-publish","hentry"],"_links":{"self":[{"href":"https:\/\/ritcas.mx\/index.php?rest_route=\/wp\/v2\/pages\/561","targetHints":{"allow":["GET"]}}],"collection":[{"href":"https:\/\/ritcas.mx\/index.php?rest_route=\/wp\/v2\/pages"}],"about":[{"href":"https:\/\/ritcas.mx\/index.php?rest_route=\/wp\/v2\/types\/page"}],"author":[{"embeddable":true,"href":"https:\/\/ritcas.mx\/index.php?rest_route=\/wp\/v2\/users\/1"}],"replies":[{"embeddable":true,"href":"https:\/\/ritcas.mx\/index.php?rest_route=%2Fwp%2Fv2%2Fcomments&post=561"}],"version-history":[{"count":9,"href":"https:\/\/ritcas.mx\/index.php?rest_route=\/wp\/v2\/pages\/561\/revisions"}],"predecessor-version":[{"id":571,"href":"https:\/\/ritcas.mx\/index.php?rest_route=\/wp\/v2\/pages\/561\/revisions\/571"}],"wp:attachment":[{"href":"https:\/\/ritcas.mx\/index.php?rest_route=%2Fwp%2Fv2%2Fmedia&parent=561"}],"curies":[{"name":"wp","href":"https:\/\/api.w.org\/{rel}","templated":true}]}}