{"id":329,"date":"2021-07-06T19:48:25","date_gmt":"2021-07-06T19:48:25","guid":{"rendered":"https:\/\/ritcas.mx\/?page_id=329"},"modified":"2025-02-20T18:54:21","modified_gmt":"2025-02-20T18:54:21","slug":"prologo","status":"publish","type":"page","link":"https:\/\/ritcas.mx\/?page_id=329","title":{"rendered":"Prologo"},"content":{"rendered":"\t\t<div data-elementor-type=\"wp-page\" data-elementor-id=\"329\" class=\"elementor elementor-329\">\n\t\t\t\t\t\t<section class=\"elementor-section elementor-top-section elementor-element elementor-element-1ecc71c elementor-section-boxed elementor-section-height-default elementor-section-height-default\" data-id=\"1ecc71c\" data-element_type=\"section\" data-e-type=\"section\">\n\t\t\t\t\t\t<div class=\"elementor-container elementor-column-gap-default\">\n\t\t\t\t\t<div class=\"elementor-column elementor-col-100 elementor-top-column elementor-element elementor-element-b8e78c6\" data-id=\"b8e78c6\" data-element_type=\"column\" data-e-type=\"column\">\n\t\t\t<div class=\"elementor-widget-wrap\">\n\t\t\t\t\t\t\t<\/div>\n\t\t<\/div>\n\t\t\t\t\t<\/div>\n\t\t<\/section>\n\t\t\t\t<section class=\"elementor-section elementor-top-section elementor-element elementor-element-6ce5533 elementor-section-boxed elementor-section-height-default elementor-section-height-default\" data-id=\"6ce5533\" data-element_type=\"section\" data-e-type=\"section\">\n\t\t\t\t\t\t<div class=\"elementor-container elementor-column-gap-default\">\n\t\t\t\t\t<div class=\"elementor-column elementor-col-100 elementor-top-column elementor-element elementor-element-b98497c\" data-id=\"b98497c\" data-element_type=\"column\" data-e-type=\"column\">\n\t\t\t<div class=\"elementor-widget-wrap elementor-element-populated\">\n\t\t\t\t\t\t<section class=\"elementor-section elementor-inner-section elementor-element elementor-element-07fe19a elementor-section-boxed elementor-section-height-default elementor-section-height-default\" data-id=\"07fe19a\" data-element_type=\"section\" data-e-type=\"section\">\n\t\t\t\t\t\t<div class=\"elementor-container elementor-column-gap-default\">\n\t\t\t\t\t<div class=\"elementor-column elementor-col-50 elementor-inner-column elementor-element elementor-element-6c2a2da\" data-id=\"6c2a2da\" data-element_type=\"column\" data-e-type=\"column\">\n\t\t\t<div class=\"elementor-widget-wrap elementor-element-populated\">\n\t\t\t\t\t\t<div class=\"elementor-element elementor-element-3be3c7c elementor-widget elementor-widget-image\" data-id=\"3be3c7c\" data-element_type=\"widget\" data-e-type=\"widget\" data-widget_type=\"image.default\">\n\t\t\t\t<div class=\"elementor-widget-container\">\n\t\t\t\t\t\t\t\t\t\t\t\t\t\t\t<img decoding=\"async\" width=\"144\" height=\"146\" src=\"https:\/\/ritcas.mx\/wp-content\/uploads\/2021\/03\/mtrorivera.png\" class=\"attachment-large size-large wp-image-40\" alt=\"\" \/>\t\t\t\t\t\t\t\t\t\t\t\t\t\t\t<\/div>\n\t\t\t\t<\/div>\n\t\t\t\t<div class=\"elementor-element elementor-element-466c96e elementor-widget elementor-widget-heading\" data-id=\"466c96e\" data-element_type=\"widget\" data-e-type=\"widget\" data-widget_type=\"heading.default\">\n\t\t\t\t<div class=\"elementor-widget-container\">\n\t\t\t\t\t<h6 class=\"elementor-heading-title elementor-size-default\">Dr. Jorge Oswaldo Rivera Nieblas<\/h6>\t\t\t\t<\/div>\n\t\t\t\t<\/div>\n\t\t\t\t\t<\/div>\n\t\t<\/div>\n\t\t\t\t<div class=\"elementor-column elementor-col-50 elementor-inner-column elementor-element elementor-element-9e748d6\" data-id=\"9e748d6\" data-element_type=\"column\" data-e-type=\"column\">\n\t\t\t<div class=\"elementor-widget-wrap elementor-element-populated\">\n\t\t\t\t\t\t<div class=\"elementor-element elementor-element-36e0d9c elementor-widget elementor-widget-text-editor\" data-id=\"36e0d9c\" data-element_type=\"widget\" data-e-type=\"widget\" data-widget_type=\"text-editor.default\">\n\t\t\t\t<div class=\"elementor-widget-container\">\n\t\t\t\t\t\t\t\t\t<p>Los saludamos en esta primera edici\u00f3n de nuestra Revista de investigaci\u00f3n, como Instituci\u00f3n de Educaci\u00f3n Superior la Universidad Tecnol\u00f3gica de Hermosillo, Sonora (UTH), cuenta con una oferta amplia de Programas Educativos los cuales impactan en la Tecnolog\u00eda, la Ciencia y la Humanidades. Nuestra instituci\u00f3n cuenta con un Comit\u00e9 de Cuerpos Acad\u00e9micos y Grupos Disciplinares que pertenece al Programa para el Desarrollo Profesional Docente (PRODEP) el cual tiene como objetivo la profesionalizaci\u00f3n y superaci\u00f3n de los docentes de la instituci\u00f3n.<\/p><p>Querido lector este material surge del esfuerzo del trabajo de reuniones, de ponerse de acuerdo y de atreverse a alcanzar un sue\u00f1o y se concretiz\u00f3 en el Congreso CIICAG 2018, el cual hoy se hace realidad con esta Revista Arbitrada, que hemos llamado Revista de Investigaci\u00f3n Tecno-Cient\u00edfica Acad\u00e9mica Sinergia (RITCAS), esta cumple con los requisitos establecidos en INDAUTOR. Hemos escogido la palabra Sinergia, la cual significa cooperaci\u00f3n, y es un t\u00e9rmino de origen griego, synerg\u00eda, que significa trabajando en conjunto.<\/p><p>Esperando que esta revista sea un parte aguas en nuestra Instituci\u00f3n y una plataforma que lleve, divulgue y promueva el quehacer de nuestros docentes y alumnos, se les da, la bienvenida a este primer volumen.<\/p><p>De antemano, \u00a1Gracias!<\/p>\t\t\t\t\t\t\t\t<\/div>\n\t\t\t\t<\/div>\n\t\t\t\t\t<\/div>\n\t\t<\/div>\n\t\t\t\t\t<\/div>\n\t\t<\/section>\n\t\t\t\t\t<\/div>\n\t\t<\/div>\n\t\t\t\t\t<\/div>\n\t\t<\/section>\n\t\t\t\t<\/div>\n\t\t","protected":false},"excerpt":{"rendered":"<p>Dr. Jorge Oswaldo Rivera Nieblas Los saludamos en esta primera edici\u00f3n de nuestra Revista de investigaci\u00f3n, como Instituci\u00f3n de Educaci\u00f3n Superior la Universidad Tecnol\u00f3gica de Hermosillo, Sonora (UTH), cuenta con una oferta amplia de Programas Educativos los cuales impactan en la Tecnolog\u00eda, la Ciencia y la Humanidades. Nuestra instituci\u00f3n cuenta con un Comit\u00e9 de Cuerpos [&hellip;]<\/p>\n","protected":false},"author":1,"featured_media":0,"parent":0,"menu_order":0,"comment_status":"closed","ping_status":"closed","template":"elementor_header_footer","meta":{"footnotes":""},"class_list":["post-329","page","type-page","status-publish","hentry"],"_links":{"self":[{"href":"https:\/\/ritcas.mx\/index.php?rest_route=\/wp\/v2\/pages\/329","targetHints":{"allow":["GET"]}}],"collection":[{"href":"https:\/\/ritcas.mx\/index.php?rest_route=\/wp\/v2\/pages"}],"about":[{"href":"https:\/\/ritcas.mx\/index.php?rest_route=\/wp\/v2\/types\/page"}],"author":[{"embeddable":true,"href":"https:\/\/ritcas.mx\/index.php?rest_route=\/wp\/v2\/users\/1"}],"replies":[{"embeddable":true,"href":"https:\/\/ritcas.mx\/index.php?rest_route=%2Fwp%2Fv2%2Fcomments&post=329"}],"version-history":[{"count":35,"href":"https:\/\/ritcas.mx\/index.php?rest_route=\/wp\/v2\/pages\/329\/revisions"}],"predecessor-version":[{"id":588,"href":"https:\/\/ritcas.mx\/index.php?rest_route=\/wp\/v2\/pages\/329\/revisions\/588"}],"wp:attachment":[{"href":"https:\/\/ritcas.mx\/index.php?rest_route=%2Fwp%2Fv2%2Fmedia&parent=329"}],"curies":[{"name":"wp","href":"https:\/\/api.w.org\/{rel}","templated":true}]}}