{"id":323,"date":"2021-07-06T19:26:32","date_gmt":"2021-07-06T19:26:32","guid":{"rendered":"https:\/\/ritcas.mx\/?page_id=323"},"modified":"2025-10-08T18:56:15","modified_gmt":"2025-10-08T18:56:15","slug":"directorio","status":"publish","type":"page","link":"https:\/\/ritcas.mx\/?page_id=323","title":{"rendered":"Directorio"},"content":{"rendered":"<p style=\"text-align: center;\"><strong>Universidad Tecnol\u00f3gica de Hermosillo, Sonora<\/strong><\/p>\n<p style=\"text-align: center;\">Dr. Abel Leyva Castellanos<\/p>\n<p style=\"text-align: center;\"><strong>Rector<\/strong><\/p>\n<hr \/>\n<p style=\"text-align: center;\">Mtra. Francisca Isabel Villa Medina<\/p>\n<p style=\"text-align: center;\"><strong>Secretaria Acad\u00e9mica<\/strong><\/p>\n<hr \/>\n<p style=\"text-align: center;\">Dra. Marcela Zazueta Pillado<\/p>\n<p style=\"text-align: center;\"><strong>Secretaria de Vinculaci\u00f3n<\/strong><\/p>\n<hr \/>\n<p style=\"text-align: center;\">Mtra. Luz Delia Acedo F\u00e9lix<\/p>\n<p style=\"text-align: center;\"><strong>Directora de Planeaci\u00f3n y Evaluaci\u00f3n<\/strong><\/p>\n<hr \/>\n<p style=\"text-align: center;\">Mtro. Nelson Mart\u00ednez de la Torre<\/p>\n<p style=\"text-align: center;\"><strong>Director de Extensi\u00f3n Universitaria<br \/>\n<\/strong><\/p>\n<hr \/>\n<p style=\"text-align: center;\">Mtro. Jos\u00e9 Alonso L\u00f3pez Romo<strong><br \/>\nDirector de Sistemas de Informaci\u00f3n y Comunicaci\u00f3n<br \/>\n<\/strong><\/p>\n<hr \/>\n<p style=\"text-align: center;\">C.P. Amancia Josefina Zepeda Arriaga<\/p>\n<p style=\"text-align: center;\"><strong>Directora de Administraci\u00f3n y Finanzas<\/strong><\/p>\n<hr \/>\n<p style=\"text-align: center;\">Lic. Juan Carlos Le\u00f3n Kirk<\/p>\n<p style=\"text-align: center;\"><strong>Director Jur\u00eddico<\/strong><\/p>\n<hr \/>\n<p style=\"text-align: center;\"><strong>Directores de Carrera<\/strong><\/p>\n<p style=\"text-align: center;\">M.A. Enrique Robles Zamora<\/p>\n<p style=\"text-align: center;\">Lic. Alejandro Sandoval Cota<\/p>\n<p style=\"text-align: center;\">MC. Carlos Ad\u00e1n Castillo Ortiz<\/p>\n<p style=\"text-align: center;\">M.E. Adalberto P\u00e9rez Arg\u00fcelles<\/p>\n<p style=\"text-align: center;\">Ing. Luis Flores Garc\u00eda<\/p>\n<p style=\"text-align: center;\">M.E. Sergio Michel Hallack Sotomayor<\/p>\n<p style=\"text-align: center;\">Dra. Selene Rivas L\u00f3pez<\/p>\n<hr \/>\n<p style=\"text-align: center;\"><strong>Editores<\/strong><\/p>\n<p style=\"text-align: center;\">Dr. Jorge Oswaldo Rivera Nieblas<\/p>\n<p style=\"text-align: center;\">Dra. Blanca Guadalupe Cruz Silva<\/p>\n<p style=\"text-align: center;\">Dra. Guadalupe Adriana B\u00e1saca Loya<\/p>\n<p style=\"text-align: center;\">M.C. Eduardo Ch\u00e1vez Mendiola<\/p>\n<p style=\"text-align: center;\">M.A.N. Al\u00e1n Beltr\u00e1n Garc\u00eda<\/p>\n<p style=\"text-align: center;\">Dr. Iv\u00e1n Alejandro Vacio Hern\u00e1ndez<\/p>\n<hr \/>\n<p style=\"text-align: center;\"><strong>Dise\u00f1o de revista y Plataforma<\/strong><\/p>\n<p style=\"text-align: center;\">Lic. Erika Matilde Clark \u00c1vila<\/p>\n<p style=\"text-align: center;\">Mtra. Alejandra \u00c1lvarez Romero<\/p>\n<p style=\"text-align: center;\">\n","protected":false},"excerpt":{"rendered":"<p>Universidad Tecnol\u00f3gica de Hermosillo, Sonora Dr. Abel Leyva Castellanos Rector Mtra. Francisca Isabel Villa Medina Secretaria Acad\u00e9mica Dra. Marcela Zazueta Pillado Secretaria de Vinculaci\u00f3n Mtra. Luz Delia Acedo F\u00e9lix Directora de Planeaci\u00f3n y Evaluaci\u00f3n Mtro. Nelson Mart\u00ednez de la Torre Director de Extensi\u00f3n Universitaria Mtro. Jos\u00e9 Alonso L\u00f3pez Romo Director de Sistemas de Informaci\u00f3n y [&hellip;]<\/p>\n","protected":false},"author":1,"featured_media":0,"parent":0,"menu_order":0,"comment_status":"closed","ping_status":"closed","template":"elementor_header_footer","meta":{"footnotes":""},"class_list":["post-323","page","type-page","status-publish","hentry"],"_links":{"self":[{"href":"https:\/\/ritcas.mx\/index.php?rest_route=\/wp\/v2\/pages\/323","targetHints":{"allow":["GET"]}}],"collection":[{"href":"https:\/\/ritcas.mx\/index.php?rest_route=\/wp\/v2\/pages"}],"about":[{"href":"https:\/\/ritcas.mx\/index.php?rest_route=\/wp\/v2\/types\/page"}],"author":[{"embeddable":true,"href":"https:\/\/ritcas.mx\/index.php?rest_route=\/wp\/v2\/users\/1"}],"replies":[{"embeddable":true,"href":"https:\/\/ritcas.mx\/index.php?rest_route=%2Fwp%2Fv2%2Fcomments&post=323"}],"version-history":[{"count":36,"href":"https:\/\/ritcas.mx\/index.php?rest_route=\/wp\/v2\/pages\/323\/revisions"}],"predecessor-version":[{"id":805,"href":"https:\/\/ritcas.mx\/index.php?rest_route=\/wp\/v2\/pages\/323\/revisions\/805"}],"wp:attachment":[{"href":"https:\/\/ritcas.mx\/index.php?rest_route=%2Fwp%2Fv2%2Fmedia&parent=323"}],"curies":[{"name":"wp","href":"https:\/\/api.w.org\/{rel}","templated":true}]}}