{"id":10,"date":"2021-02-18T01:08:53","date_gmt":"2021-02-18T01:08:53","guid":{"rendered":"https:\/\/ritcas.mx\/?page_id=10"},"modified":"2021-07-06T20:20:00","modified_gmt":"2021-07-06T20:20:00","slug":"nosotros","status":"publish","type":"page","link":"https:\/\/ritcas.mx\/?page_id=10","title":{"rendered":"Misi\u00f3n, Visi\u00f3n y Valores"},"content":{"rendered":"\t\t<div data-elementor-type=\"wp-page\" data-elementor-id=\"10\" class=\"elementor elementor-10\">\n\t\t\t\t\t\t<section class=\"elementor-section elementor-top-section elementor-element elementor-element-4829c051 elementor-section-boxed elementor-section-height-default elementor-section-height-default\" data-id=\"4829c051\" data-element_type=\"section\" data-e-type=\"section\">\n\t\t\t\t\t\t<div class=\"elementor-container elementor-column-gap-default\">\n\t\t\t\t\t<div class=\"elementor-column elementor-col-100 elementor-top-column elementor-element elementor-element-4ba5a79f\" data-id=\"4ba5a79f\" data-element_type=\"column\" data-e-type=\"column\">\n\t\t\t<div class=\"elementor-widget-wrap elementor-element-populated\">\n\t\t\t\t\t\t<div class=\"elementor-element elementor-element-6a280351 elementor-widget elementor-widget-text-editor\" data-id=\"6a280351\" data-element_type=\"widget\" data-e-type=\"widget\" data-widget_type=\"text-editor.default\">\n\t\t\t\t<div class=\"elementor-widget-container\">\n\t\t\t\t\t\t\t\t\t\n<p><strong>VISI\u00d3N<\/strong><br>\u201cSer una revista reconocida con calidad editorial, que divulgue conocimientos en la ciencias de investigaci\u00f3n aplicada, organizados en redes de colaboraci\u00f3n nacional e internacional, que permita transferir conocimientos y tecnolog\u00eda innovadora, para que los Cuerpos Acad\u00e9mico se Consoliden y apoyar el cambio en el entorno Regional\u201d.<\/p>\n\n\n\n<p><strong>MISI\u00d3N<\/strong><\/p>\n\n\n\n<p><strong>\u201c<\/strong>Divulgar&nbsp;el conocimiento de la investigaci\u00f3n en base al dise\u00f1o, creaci\u00f3n, transferencia de tecnolog\u00eda, innovaci\u00f3n de productos y servicios, requeridos por las organizaciones y sociedad. Especializar al capital humano en las ciencias formativas, cient\u00edficas y tecnol\u00f3gicas, para propiciar el cambio del entorno de la regi\u00f3n\u201d.<\/p>\n\n\n\n<p><strong>VALORES<\/strong><\/p>\n\n\n\n<p><strong>1.Respeto: <\/strong>A nuestro trabajo a difundir las opiniones de las investigaciones, a&nbsp;los colaboradores, investigadores, jefes, e Instituci\u00f3n, siempre en armon\u00eda con los actores del proceso. Investigaciones objetivas para fomentar el desarrollo del entorno regional.<\/p>\n\n\n\n<p><strong>2.\u00c9tica:<\/strong> En las investigaciones, proyectos, productos de calidad. Comunicar con objetividad y asertividad, aportaciones en base a la ciencia y l\u00edneas de investigaci\u00f3n (LIIADT) y derechos de autor.<\/p>\n\n\n\n<p><strong>3.Honestidad: <\/strong>En el \u00e1mbito de actuaci\u00f3n en base a nuestras funciones de investigadores y productos a desarrollar, respetando los derechos de autor.<\/p>\n\n\n\n<p><strong>4.Superaci\u00f3n:<\/strong> Buscar siempre la especializaci\u00f3n en las l\u00edneas de investigaci\u00f3n aplicada (LIIADT), alcanzar el grado preferente para llegar a ser integrante de un cuerpo consolidado.<\/p>\n\n\n\n<p><strong>5.Honradez:<\/strong> En nuestro \u00e1mbito de actuaci\u00f3n, proyectos de investigaci\u00f3n, productos de calidad. Dejar un legado en la ense\u00f1anza-aprendizaje a los colaboradores. Respetando el trabajo de cada uno en base a los derechos de autor.<\/p>\n\n\n\n<p><strong>6.Lealtad:<\/strong> Consigo mismo, a nuestros valores, investigadores, colaboradores, Instituci\u00f3n.<\/p>\n\t\t\t\t\t\t\t\t<\/div>\n\t\t\t\t<\/div>\n\t\t\t\t\t<\/div>\n\t\t<\/div>\n\t\t\t\t\t<\/div>\n\t\t<\/section>\n\t\t\t\t<\/div>\n\t\t","protected":false},"excerpt":{"rendered":"<p>VISI\u00d3N\u201cSer una revista reconocida con calidad editorial, que divulgue conocimientos en la ciencias de investigaci\u00f3n aplicada, organizados en redes de colaboraci\u00f3n nacional e internacional, que permita transferir conocimientos y tecnolog\u00eda innovadora, para que los Cuerpos Acad\u00e9mico se Consoliden y apoyar el cambio en el entorno Regional\u201d. MISI\u00d3N \u201cDivulgar&nbsp;el conocimiento de la investigaci\u00f3n en base al [&hellip;]<\/p>\n","protected":false},"author":1,"featured_media":0,"parent":0,"menu_order":0,"comment_status":"closed","ping_status":"closed","template":"elementor_header_footer","meta":{"footnotes":""},"class_list":["post-10","page","type-page","status-publish","hentry"],"_links":{"self":[{"href":"https:\/\/ritcas.mx\/index.php?rest_route=\/wp\/v2\/pages\/10","targetHints":{"allow":["GET"]}}],"collection":[{"href":"https:\/\/ritcas.mx\/index.php?rest_route=\/wp\/v2\/pages"}],"about":[{"href":"https:\/\/ritcas.mx\/index.php?rest_route=\/wp\/v2\/types\/page"}],"author":[{"embeddable":true,"href":"https:\/\/ritcas.mx\/index.php?rest_route=\/wp\/v2\/users\/1"}],"replies":[{"embeddable":true,"href":"https:\/\/ritcas.mx\/index.php?rest_route=%2Fwp%2Fv2%2Fcomments&post=10"}],"version-history":[{"count":8,"href":"https:\/\/ritcas.mx\/index.php?rest_route=\/wp\/v2\/pages\/10\/revisions"}],"predecessor-version":[{"id":349,"href":"https:\/\/ritcas.mx\/index.php?rest_route=\/wp\/v2\/pages\/10\/revisions\/349"}],"wp:attachment":[{"href":"https:\/\/ritcas.mx\/index.php?rest_route=%2Fwp%2Fv2%2Fmedia&parent=10"}],"curies":[{"name":"wp","href":"https:\/\/api.w.org\/{rel}","templated":true}]}}